{"id":129,"date":"2018-11-10T12:54:46","date_gmt":"2018-11-10T11:54:46","guid":{"rendered":"http:\/\/www.tg-schoemberg.de\/fussball\/wptg\/?page_id=129"},"modified":"2024-03-26T19:40:31","modified_gmt":"2024-03-26T18:40:31","slug":"b-junioren","status":"publish","type":"page","link":"http:\/\/www.tg-schoemberg.de\/fussball\/jugend\/b-junioren\/","title":{"rendered":"U17\/U16 B-Junioren"},"content":{"rendered":"<p><strong>U17\/U16\u00a0 B-Jugend<\/strong><\/p>\r\n<p><strong>Immer Vollgas<\/strong><\/p>\r\n<p>Dieses Jahr stellen wir eine B-Jugend mit einem gro\u00dfen Kader. Die Spieler sind alle hochmotiviert und wollen richtig Gas geben. Eine gute Mischung aus den Jahrg\u00e4ngen 2007 und 2008 verspricht eine interessante Saison. Wir k\u00f6nnen gespannt sein, wie sie das auf den Platz bringen und ihre Ziele verwirklichen k\u00f6nnen.<\/p>\r\n<p>Trainiert wird die Mannschaft von Jochen Binder, Marko Lovric, Gazmend Mucici und Thomas Ritter<\/p>\r\n<p><img decoding=\"async\" loading=\"lazy\" class=\"alignnone size-full wp-image-800\" src=\"http:\/\/www.tg-schoemberg.de\/fussball\/wptg\/wp-content\/uploads\/2024\/03\/B-Jugend-1-scaled.jpg\" alt=\"\" width=\"2560\" height=\"1478\" srcset=\"http:\/\/www.tg-schoemberg.de\/fussball\/wptg\/wp-content\/uploads\/2024\/03\/B-Jugend-1-scaled.jpg 2560w, http:\/\/www.tg-schoemberg.de\/fussball\/wptg\/wp-content\/uploads\/2024\/03\/B-Jugend-1-300x173.jpg 300w, http:\/\/www.tg-schoemberg.de\/fussball\/wptg\/wp-content\/uploads\/2024\/03\/B-Jugend-1-1024x591.jpg 1024w, http:\/\/www.tg-schoemberg.de\/fussball\/wptg\/wp-content\/uploads\/2024\/03\/B-Jugend-1-768x444.jpg 768w, http:\/\/www.tg-schoemberg.de\/fussball\/wptg\/wp-content\/uploads\/2024\/03\/B-Jugend-1-1536x887.jpg 1536w, http:\/\/www.tg-schoemberg.de\/fussball\/wptg\/wp-content\/uploads\/2024\/03\/B-Jugend-1-2048x1183.jpg 2048w\" sizes=\"(max-width: 2560px) 100vw, 2560px\" \/><\/p>\r\n<p>Auf dem Bild:<\/p>\r\n<p>Hinten v. links: Thomas Ritter (Trainer), Marko Lovric (Trainer), Timo M\u00fcller, Fabian Klein, Jannik Ritter, Luka Polich, Simon Helble, Luca Flatt, Thilo Gau\u00df, Jochen Binder (Trainer)<\/p>\r\n<p>Vorne v. links: Max Kr\u00fcger, Finn Hietmann, Jonas Koch, Laurence Sauter, Umut Oguz (TW), Louis Koch (TW), Nico Triebswetter, Leon Sprenger, Ivan Slavov, Elias Gerhardt<\/p>\r\n<p>Auf dem Bild fehlen: Daniel Kastl, Enes Yildirtan, Lenn Geiser, Raffaele Ciccarelli, Rayan Cismanescu<\/p>\r\n\r\n<p>&nbsp;<\/p>\r\n","protected":false},"excerpt":{"rendered":"<p>U17\/U16\u00a0 B-Jugend Immer Vollgas Dieses Jahr stellen wir eine B-Jugend mit einem gro\u00dfen Kader. Die Spieler sind alle hochmotiviert und wollen richtig Gas geben. Eine gute Mischung aus den Jahrg\u00e4ngen 2007 und 2008 verspricht eine interessante Saison. Wir k\u00f6nnen gespannt sein, wie sie das auf den Platz bringen und ihre Ziele verwirklichen k\u00f6nnen. Trainiert wird die Mannschaft von Jochen Binder, Marko Lovric, Gazmend Mucici und Thomas Ritter Auf dem Bild: Hinten v. links: Thomas Ritter (Trainer), Marko Lovric (Trainer), Timo&hellip;<\/p>\n","protected":false},"author":2,"featured_media":0,"parent":88,"menu_order":2,"comment_status":"closed","ping_status":"closed","template":"","meta":[],"yoast_head":"<!-- This site is optimized with the Yoast SEO plugin v21.8.1 - https:\/\/yoast.com\/wordpress\/plugins\/seo\/ -->\n<title>U17\/U16 B-Junioren - TG Sch\u00f6mberg Abt. Fussball<\/title>\n<meta name=\"robots\" content=\"index, follow, max-snippet:-1, max-image-preview:large, max-video-preview:-1\" \/>\n<link rel=\"canonical\" href=\"http:\/\/www.tg-schoemberg.de\/fussball\/jugend\/b-junioren\/\" \/>\n<meta property=\"og:locale\" content=\"de_DE\" \/>\n<meta property=\"og:type\" content=\"article\" \/>\n<meta property=\"og:title\" content=\"U17\/U16 B-Junioren - TG Sch\u00f6mberg Abt. Fussball\" \/>\n<meta property=\"og:description\" content=\"U17\/U16\u00a0 B-Jugend Immer Vollgas Dieses Jahr stellen wir eine B-Jugend mit einem gro\u00dfen Kader. Die Spieler sind alle hochmotiviert und wollen richtig Gas geben. Eine gute Mischung aus den Jahrg\u00e4ngen 2007 und 2008 verspricht eine interessante Saison. Wir k\u00f6nnen gespannt sein, wie sie das auf den Platz bringen und ihre Ziele verwirklichen k\u00f6nnen. Trainiert wird die Mannschaft von Jochen Binder, Marko Lovric, Gazmend Mucici und Thomas Ritter Auf dem Bild: Hinten v. links: Thomas Ritter (Trainer), Marko Lovric (Trainer), Timo&hellip;\" \/>\n<meta property=\"og:url\" content=\"http:\/\/www.tg-schoemberg.de\/fussball\/jugend\/b-junioren\/\" \/>\n<meta property=\"og:site_name\" content=\"TG Sch\u00f6mberg Abt. Fussball\" \/>\n<meta property=\"article:modified_time\" content=\"2024-03-26T18:40:31+00:00\" \/>\n<meta property=\"og:image\" content=\"http:\/\/www.tg-schoemberg.de\/fussball\/wptg\/wp-content\/uploads\/2024\/03\/B-Jugend-1-scaled.jpg\" \/>\n<meta name=\"twitter:card\" content=\"summary_large_image\" \/>\n<meta name=\"twitter:label1\" content=\"Gesch\u00e4tzte Lesezeit\" \/>\n\t<meta name=\"twitter:data1\" content=\"1\u00a0Minute\" \/>\n<script type=\"application\/ld+json\" class=\"yoast-schema-graph\">{\"@context\":\"https:\/\/schema.org\",\"@graph\":[{\"@type\":\"WebPage\",\"@id\":\"http:\/\/www.tg-schoemberg.de\/fussball\/jugend\/b-junioren\/\",\"url\":\"http:\/\/www.tg-schoemberg.de\/fussball\/jugend\/b-junioren\/\",\"name\":\"U17\/U16 B-Junioren - TG Sch\u00f6mberg Abt. Fussball\",\"isPartOf\":{\"@id\":\"http:\/\/www.tg-schoemberg.de\/fussball\/#website\"},\"datePublished\":\"2018-11-10T11:54:46+00:00\",\"dateModified\":\"2024-03-26T18:40:31+00:00\",\"breadcrumb\":{\"@id\":\"http:\/\/www.tg-schoemberg.de\/fussball\/jugend\/b-junioren\/#breadcrumb\"},\"inLanguage\":\"de\",\"potentialAction\":[{\"@type\":\"ReadAction\",\"target\":[\"http:\/\/www.tg-schoemberg.de\/fussball\/jugend\/b-junioren\/\"]}]},{\"@type\":\"BreadcrumbList\",\"@id\":\"http:\/\/www.tg-schoemberg.de\/fussball\/jugend\/b-junioren\/#breadcrumb\",\"itemListElement\":[{\"@type\":\"ListItem\",\"position\":1,\"name\":\"Startseite\",\"item\":\"http:\/\/www.tg-schoemberg.de\/fussball\/\"},{\"@type\":\"ListItem\",\"position\":2,\"name\":\"Jugend\",\"item\":\"http:\/\/www.tg-schoemberg.de\/fussball\/jugend\/\"},{\"@type\":\"ListItem\",\"position\":3,\"name\":\"U17\/U16 B-Junioren\"}]},{\"@type\":\"WebSite\",\"@id\":\"http:\/\/www.tg-schoemberg.de\/fussball\/#website\",\"url\":\"http:\/\/www.tg-schoemberg.de\/fussball\/\",\"name\":\"TG Sch\u00f6mberg Abt. Fussball\",\"description\":\"\",\"potentialAction\":[{\"@type\":\"SearchAction\",\"target\":{\"@type\":\"EntryPoint\",\"urlTemplate\":\"http:\/\/www.tg-schoemberg.de\/fussball\/?s={search_term_string}\"},\"query-input\":\"required name=search_term_string\"}],\"inLanguage\":\"de\"}]}<\/script>\n<!-- \/ Yoast SEO plugin. -->","yoast_head_json":{"title":"U17\/U16 B-Junioren - TG Sch\u00f6mberg Abt. Fussball","robots":{"index":"index","follow":"follow","max-snippet":"max-snippet:-1","max-image-preview":"max-image-preview:large","max-video-preview":"max-video-preview:-1"},"canonical":"http:\/\/www.tg-schoemberg.de\/fussball\/jugend\/b-junioren\/","og_locale":"de_DE","og_type":"article","og_title":"U17\/U16 B-Junioren - TG Sch\u00f6mberg Abt. Fussball","og_description":"U17\/U16\u00a0 B-Jugend Immer Vollgas Dieses Jahr stellen wir eine B-Jugend mit einem gro\u00dfen Kader. Die Spieler sind alle hochmotiviert und wollen richtig Gas geben. Eine gute Mischung aus den Jahrg\u00e4ngen 2007 und 2008 verspricht eine interessante Saison. Wir k\u00f6nnen gespannt sein, wie sie das auf den Platz bringen und ihre Ziele verwirklichen k\u00f6nnen. Trainiert wird die Mannschaft von Jochen Binder, Marko Lovric, Gazmend Mucici und Thomas Ritter Auf dem Bild: Hinten v. links: Thomas Ritter (Trainer), Marko Lovric (Trainer), Timo&hellip;","og_url":"http:\/\/www.tg-schoemberg.de\/fussball\/jugend\/b-junioren\/","og_site_name":"TG Sch\u00f6mberg Abt. Fussball","article_modified_time":"2024-03-26T18:40:31+00:00","og_image":[{"url":"http:\/\/www.tg-schoemberg.de\/fussball\/wptg\/wp-content\/uploads\/2024\/03\/B-Jugend-1-scaled.jpg"}],"twitter_card":"summary_large_image","twitter_misc":{"Gesch\u00e4tzte Lesezeit":"1\u00a0Minute"},"schema":{"@context":"https:\/\/schema.org","@graph":[{"@type":"WebPage","@id":"http:\/\/www.tg-schoemberg.de\/fussball\/jugend\/b-junioren\/","url":"http:\/\/www.tg-schoemberg.de\/fussball\/jugend\/b-junioren\/","name":"U17\/U16 B-Junioren - TG Sch\u00f6mberg Abt. Fussball","isPartOf":{"@id":"http:\/\/www.tg-schoemberg.de\/fussball\/#website"},"datePublished":"2018-11-10T11:54:46+00:00","dateModified":"2024-03-26T18:40:31+00:00","breadcrumb":{"@id":"http:\/\/www.tg-schoemberg.de\/fussball\/jugend\/b-junioren\/#breadcrumb"},"inLanguage":"de","potentialAction":[{"@type":"ReadAction","target":["http:\/\/www.tg-schoemberg.de\/fussball\/jugend\/b-junioren\/"]}]},{"@type":"BreadcrumbList","@id":"http:\/\/www.tg-schoemberg.de\/fussball\/jugend\/b-junioren\/#breadcrumb","itemListElement":[{"@type":"ListItem","position":1,"name":"Startseite","item":"http:\/\/www.tg-schoemberg.de\/fussball\/"},{"@type":"ListItem","position":2,"name":"Jugend","item":"http:\/\/www.tg-schoemberg.de\/fussball\/jugend\/"},{"@type":"ListItem","position":3,"name":"U17\/U16 B-Junioren"}]},{"@type":"WebSite","@id":"http:\/\/www.tg-schoemberg.de\/fussball\/#website","url":"http:\/\/www.tg-schoemberg.de\/fussball\/","name":"TG Sch\u00f6mberg Abt. Fussball","description":"","potentialAction":[{"@type":"SearchAction","target":{"@type":"EntryPoint","urlTemplate":"http:\/\/www.tg-schoemberg.de\/fussball\/?s={search_term_string}"},"query-input":"required name=search_term_string"}],"inLanguage":"de"}]}},"_links":{"self":[{"href":"http:\/\/www.tg-schoemberg.de\/fussball\/wp-json\/wp\/v2\/pages\/129"}],"collection":[{"href":"http:\/\/www.tg-schoemberg.de\/fussball\/wp-json\/wp\/v2\/pages"}],"about":[{"href":"http:\/\/www.tg-schoemberg.de\/fussball\/wp-json\/wp\/v2\/types\/page"}],"author":[{"embeddable":true,"href":"http:\/\/www.tg-schoemberg.de\/fussball\/wp-json\/wp\/v2\/users\/2"}],"replies":[{"embeddable":true,"href":"http:\/\/www.tg-schoemberg.de\/fussball\/wp-json\/wp\/v2\/comments?post=129"}],"version-history":[{"count":16,"href":"http:\/\/www.tg-schoemberg.de\/fussball\/wp-json\/wp\/v2\/pages\/129\/revisions"}],"predecessor-version":[{"id":813,"href":"http:\/\/www.tg-schoemberg.de\/fussball\/wp-json\/wp\/v2\/pages\/129\/revisions\/813"}],"up":[{"embeddable":true,"href":"http:\/\/www.tg-schoemberg.de\/fussball\/wp-json\/wp\/v2\/pages\/88"}],"wp:attachment":[{"href":"http:\/\/www.tg-schoemberg.de\/fussball\/wp-json\/wp\/v2\/media?parent=129"}],"curies":[{"name":"wp","href":"https:\/\/api.w.org\/{rel}","templated":true}]}}