{"id":171,"date":"2018-11-10T13:47:22","date_gmt":"2018-11-10T12:47:22","guid":{"rendered":"http:\/\/www.tg-schoemberg.de\/fussball\/wptg\/?page_id=171"},"modified":"2024-03-26T19:39:45","modified_gmt":"2024-03-26T18:39:45","slug":"d-junioren","status":"publish","type":"page","link":"http:\/\/www.tg-schoemberg.de\/fussball\/jugend\/d-junioren\/","title":{"rendered":"U13\/U12 D-Junioren"},"content":{"rendered":"<p><strong>U13\/U12 D-Jugend<\/strong><\/p>\r\n<p><strong>Wir sind ein Team<\/strong><\/p>\r\n<p>Mit einem breiten Kader wollen wir die tolle Entwicklung unserer Jungs weiterf\u00fchren. Alle sind mit hohem Tatendrang am Werk. Mit dieser Einstellung werden wir sicherlich eine erfolgreiche Saison spielen. Hier spielen die Jungs zum ersten mal komplett in der SGM zusammen. Aber da wir hier eine tolle Truppe haben, werden Sie sich schnell zu einer Mannschaft finden.<\/p>\r\n<p>Der Trainings- und Spielbetrieb findet haupts\u00e4chlich in Dotternhausen statt. Trainiert wird die Mannschaft von Markus Merz und Bartek Suchy<\/p>\r\n<p><img decoding=\"async\" loading=\"lazy\" class=\"alignnone size-full wp-image-805\" src=\"http:\/\/www.tg-schoemberg.de\/fussball\/wptg\/wp-content\/uploads\/2024\/03\/DJugend.jpg\" alt=\"\" width=\"1836\" height=\"1087\" srcset=\"http:\/\/www.tg-schoemberg.de\/fussball\/wptg\/wp-content\/uploads\/2024\/03\/DJugend.jpg 1836w, http:\/\/www.tg-schoemberg.de\/fussball\/wptg\/wp-content\/uploads\/2024\/03\/DJugend-300x178.jpg 300w, http:\/\/www.tg-schoemberg.de\/fussball\/wptg\/wp-content\/uploads\/2024\/03\/DJugend-1024x606.jpg 1024w, http:\/\/www.tg-schoemberg.de\/fussball\/wptg\/wp-content\/uploads\/2024\/03\/DJugend-768x455.jpg 768w, http:\/\/www.tg-schoemberg.de\/fussball\/wptg\/wp-content\/uploads\/2024\/03\/DJugend-1536x909.jpg 1536w\" sizes=\"(max-width: 1836px) 100vw, 1836px\" \/><\/p>\r\n<p>Hintere Reihe von links:<\/p>\r\n<p>Mert Selvi, Aron Bertsch, Hubertus M\u00fcller, Leander M\u00fcller, Jona Saffrin, Niclas K\u00fcnstle, David Weckenmann, Thoma Tsivtsivadze, Anatolii Piasta<\/p>\r\n<p>Vordere Reihe von links:<\/p>\r\n<p>Trainer Markus Merz, Felix Friedrich, Lenny Flatt, Till Bayer, Mateo Merz, Luis Merz, Louis Suchy, Danny Ibrahimi, Trainer Bartek Suchy<\/p>\r\n<p>Es fehlen: Matvii Potapov, Fynn Triebswetter, Hubert Duda, Moritz Plescher<\/p>\r\n","protected":false},"excerpt":{"rendered":"<p>U13\/U12 D-Jugend Wir sind ein Team Mit einem breiten Kader wollen wir die tolle Entwicklung unserer Jungs weiterf\u00fchren. Alle sind mit hohem Tatendrang am Werk. Mit dieser Einstellung werden wir sicherlich eine erfolgreiche Saison spielen. Hier spielen die Jungs zum ersten mal komplett in der SGM zusammen. Aber da wir hier eine tolle Truppe haben, werden Sie sich schnell zu einer Mannschaft finden. Der Trainings- und Spielbetrieb findet haupts\u00e4chlich in Dotternhausen statt. Trainiert wird die Mannschaft von Markus Merz und&hellip;<\/p>\n","protected":false},"author":2,"featured_media":0,"parent":88,"menu_order":4,"comment_status":"closed","ping_status":"closed","template":"","meta":[],"yoast_head":"<!-- This site is optimized with the Yoast SEO plugin v21.8.1 - https:\/\/yoast.com\/wordpress\/plugins\/seo\/ -->\n<title>U13\/U12 D-Junioren - TG Sch\u00f6mberg Abt. Fussball<\/title>\n<meta name=\"robots\" content=\"index, follow, max-snippet:-1, max-image-preview:large, max-video-preview:-1\" \/>\n<link rel=\"canonical\" href=\"http:\/\/www.tg-schoemberg.de\/fussball\/jugend\/d-junioren\/\" \/>\n<meta property=\"og:locale\" content=\"de_DE\" \/>\n<meta property=\"og:type\" content=\"article\" \/>\n<meta property=\"og:title\" content=\"U13\/U12 D-Junioren - TG Sch\u00f6mberg Abt. Fussball\" \/>\n<meta property=\"og:description\" content=\"U13\/U12 D-Jugend Wir sind ein Team Mit einem breiten Kader wollen wir die tolle Entwicklung unserer Jungs weiterf\u00fchren. Alle sind mit hohem Tatendrang am Werk. Mit dieser Einstellung werden wir sicherlich eine erfolgreiche Saison spielen. Hier spielen die Jungs zum ersten mal komplett in der SGM zusammen. Aber da wir hier eine tolle Truppe haben, werden Sie sich schnell zu einer Mannschaft finden. Der Trainings- und Spielbetrieb findet haupts\u00e4chlich in Dotternhausen statt. Trainiert wird die Mannschaft von Markus Merz und&hellip;\" \/>\n<meta property=\"og:url\" content=\"http:\/\/www.tg-schoemberg.de\/fussball\/jugend\/d-junioren\/\" \/>\n<meta property=\"og:site_name\" content=\"TG Sch\u00f6mberg Abt. Fussball\" \/>\n<meta property=\"article:modified_time\" content=\"2024-03-26T18:39:45+00:00\" \/>\n<meta property=\"og:image\" content=\"http:\/\/www.tg-schoemberg.de\/fussball\/wptg\/wp-content\/uploads\/2024\/03\/DJugend.jpg\" \/>\n<meta name=\"twitter:card\" content=\"summary_large_image\" \/>\n<meta name=\"twitter:label1\" content=\"Gesch\u00e4tzte Lesezeit\" \/>\n\t<meta name=\"twitter:data1\" content=\"1\u00a0Minute\" \/>\n<script type=\"application\/ld+json\" class=\"yoast-schema-graph\">{\"@context\":\"https:\/\/schema.org\",\"@graph\":[{\"@type\":\"WebPage\",\"@id\":\"http:\/\/www.tg-schoemberg.de\/fussball\/jugend\/d-junioren\/\",\"url\":\"http:\/\/www.tg-schoemberg.de\/fussball\/jugend\/d-junioren\/\",\"name\":\"U13\/U12 D-Junioren - TG Sch\u00f6mberg Abt. Fussball\",\"isPartOf\":{\"@id\":\"http:\/\/www.tg-schoemberg.de\/fussball\/#website\"},\"datePublished\":\"2018-11-10T12:47:22+00:00\",\"dateModified\":\"2024-03-26T18:39:45+00:00\",\"breadcrumb\":{\"@id\":\"http:\/\/www.tg-schoemberg.de\/fussball\/jugend\/d-junioren\/#breadcrumb\"},\"inLanguage\":\"de\",\"potentialAction\":[{\"@type\":\"ReadAction\",\"target\":[\"http:\/\/www.tg-schoemberg.de\/fussball\/jugend\/d-junioren\/\"]}]},{\"@type\":\"BreadcrumbList\",\"@id\":\"http:\/\/www.tg-schoemberg.de\/fussball\/jugend\/d-junioren\/#breadcrumb\",\"itemListElement\":[{\"@type\":\"ListItem\",\"position\":1,\"name\":\"Startseite\",\"item\":\"http:\/\/www.tg-schoemberg.de\/fussball\/\"},{\"@type\":\"ListItem\",\"position\":2,\"name\":\"Jugend\",\"item\":\"http:\/\/www.tg-schoemberg.de\/fussball\/jugend\/\"},{\"@type\":\"ListItem\",\"position\":3,\"name\":\"U13\/U12 D-Junioren\"}]},{\"@type\":\"WebSite\",\"@id\":\"http:\/\/www.tg-schoemberg.de\/fussball\/#website\",\"url\":\"http:\/\/www.tg-schoemberg.de\/fussball\/\",\"name\":\"TG Sch\u00f6mberg Abt. Fussball\",\"description\":\"\",\"potentialAction\":[{\"@type\":\"SearchAction\",\"target\":{\"@type\":\"EntryPoint\",\"urlTemplate\":\"http:\/\/www.tg-schoemberg.de\/fussball\/?s={search_term_string}\"},\"query-input\":\"required name=search_term_string\"}],\"inLanguage\":\"de\"}]}<\/script>\n<!-- \/ Yoast SEO plugin. -->","yoast_head_json":{"title":"U13\/U12 D-Junioren - TG Sch\u00f6mberg Abt. Fussball","robots":{"index":"index","follow":"follow","max-snippet":"max-snippet:-1","max-image-preview":"max-image-preview:large","max-video-preview":"max-video-preview:-1"},"canonical":"http:\/\/www.tg-schoemberg.de\/fussball\/jugend\/d-junioren\/","og_locale":"de_DE","og_type":"article","og_title":"U13\/U12 D-Junioren - TG Sch\u00f6mberg Abt. Fussball","og_description":"U13\/U12 D-Jugend Wir sind ein Team Mit einem breiten Kader wollen wir die tolle Entwicklung unserer Jungs weiterf\u00fchren. Alle sind mit hohem Tatendrang am Werk. Mit dieser Einstellung werden wir sicherlich eine erfolgreiche Saison spielen. Hier spielen die Jungs zum ersten mal komplett in der SGM zusammen. Aber da wir hier eine tolle Truppe haben, werden Sie sich schnell zu einer Mannschaft finden. Der Trainings- und Spielbetrieb findet haupts\u00e4chlich in Dotternhausen statt. Trainiert wird die Mannschaft von Markus Merz und&hellip;","og_url":"http:\/\/www.tg-schoemberg.de\/fussball\/jugend\/d-junioren\/","og_site_name":"TG Sch\u00f6mberg Abt. Fussball","article_modified_time":"2024-03-26T18:39:45+00:00","og_image":[{"url":"http:\/\/www.tg-schoemberg.de\/fussball\/wptg\/wp-content\/uploads\/2024\/03\/DJugend.jpg"}],"twitter_card":"summary_large_image","twitter_misc":{"Gesch\u00e4tzte Lesezeit":"1\u00a0Minute"},"schema":{"@context":"https:\/\/schema.org","@graph":[{"@type":"WebPage","@id":"http:\/\/www.tg-schoemberg.de\/fussball\/jugend\/d-junioren\/","url":"http:\/\/www.tg-schoemberg.de\/fussball\/jugend\/d-junioren\/","name":"U13\/U12 D-Junioren - TG Sch\u00f6mberg Abt. Fussball","isPartOf":{"@id":"http:\/\/www.tg-schoemberg.de\/fussball\/#website"},"datePublished":"2018-11-10T12:47:22+00:00","dateModified":"2024-03-26T18:39:45+00:00","breadcrumb":{"@id":"http:\/\/www.tg-schoemberg.de\/fussball\/jugend\/d-junioren\/#breadcrumb"},"inLanguage":"de","potentialAction":[{"@type":"ReadAction","target":["http:\/\/www.tg-schoemberg.de\/fussball\/jugend\/d-junioren\/"]}]},{"@type":"BreadcrumbList","@id":"http:\/\/www.tg-schoemberg.de\/fussball\/jugend\/d-junioren\/#breadcrumb","itemListElement":[{"@type":"ListItem","position":1,"name":"Startseite","item":"http:\/\/www.tg-schoemberg.de\/fussball\/"},{"@type":"ListItem","position":2,"name":"Jugend","item":"http:\/\/www.tg-schoemberg.de\/fussball\/jugend\/"},{"@type":"ListItem","position":3,"name":"U13\/U12 D-Junioren"}]},{"@type":"WebSite","@id":"http:\/\/www.tg-schoemberg.de\/fussball\/#website","url":"http:\/\/www.tg-schoemberg.de\/fussball\/","name":"TG Sch\u00f6mberg Abt. Fussball","description":"","potentialAction":[{"@type":"SearchAction","target":{"@type":"EntryPoint","urlTemplate":"http:\/\/www.tg-schoemberg.de\/fussball\/?s={search_term_string}"},"query-input":"required name=search_term_string"}],"inLanguage":"de"}]}},"_links":{"self":[{"href":"http:\/\/www.tg-schoemberg.de\/fussball\/wp-json\/wp\/v2\/pages\/171"}],"collection":[{"href":"http:\/\/www.tg-schoemberg.de\/fussball\/wp-json\/wp\/v2\/pages"}],"about":[{"href":"http:\/\/www.tg-schoemberg.de\/fussball\/wp-json\/wp\/v2\/types\/page"}],"author":[{"embeddable":true,"href":"http:\/\/www.tg-schoemberg.de\/fussball\/wp-json\/wp\/v2\/users\/2"}],"replies":[{"embeddable":true,"href":"http:\/\/www.tg-schoemberg.de\/fussball\/wp-json\/wp\/v2\/comments?post=171"}],"version-history":[{"count":18,"href":"http:\/\/www.tg-schoemberg.de\/fussball\/wp-json\/wp\/v2\/pages\/171\/revisions"}],"predecessor-version":[{"id":811,"href":"http:\/\/www.tg-schoemberg.de\/fussball\/wp-json\/wp\/v2\/pages\/171\/revisions\/811"}],"up":[{"embeddable":true,"href":"http:\/\/www.tg-schoemberg.de\/fussball\/wp-json\/wp\/v2\/pages\/88"}],"wp:attachment":[{"href":"http:\/\/www.tg-schoemberg.de\/fussball\/wp-json\/wp\/v2\/media?parent=171"}],"curies":[{"name":"wp","href":"https:\/\/api.w.org\/{rel}","templated":true}]}}