{"id":92,"date":"2018-11-09T17:00:12","date_gmt":"2018-11-09T16:00:12","guid":{"rendered":"http:\/\/www.tg-schoemberg.de\/fussball\/wptg\/?page_id=92"},"modified":"2023-08-14T18:39:13","modified_gmt":"2023-08-14T16:39:13","slug":"aktive","status":"publish","type":"page","link":"http:\/\/www.tg-schoemberg.de\/fussball\/aktive\/","title":{"rendered":"Aktive"},"content":{"rendered":"<p><img decoding=\"async\" loading=\"lazy\" class=\"alignnone size-full wp-image-733\" src=\"http:\/\/www.tg-schoemberg.de\/fussball\/wptg\/wp-content\/uploads\/2023\/08\/original-2636C2BA-535F-4903-8A7B-80EB2FD3ABF0.jpeg\" alt=\"\" width=\"1024\" height=\"768\" srcset=\"http:\/\/www.tg-schoemberg.de\/fussball\/wptg\/wp-content\/uploads\/2023\/08\/original-2636C2BA-535F-4903-8A7B-80EB2FD3ABF0.jpeg 1024w, http:\/\/www.tg-schoemberg.de\/fussball\/wptg\/wp-content\/uploads\/2023\/08\/original-2636C2BA-535F-4903-8A7B-80EB2FD3ABF0-300x225.jpeg 300w, http:\/\/www.tg-schoemberg.de\/fussball\/wptg\/wp-content\/uploads\/2023\/08\/original-2636C2BA-535F-4903-8A7B-80EB2FD3ABF0-768x576.jpeg 768w\" sizes=\"(max-width: 1024px) 100vw, 1024px\" \/><\/p>\r\n<p><strong>Trainingszeiten:<\/strong> Dienstag und Freitag 19:30 Uhr<\/p>\r\n<p>(Trainingszeiten k\u00f6nnen w\u00e4hrend der Saisonvorbereitung abweichen)<\/p>\r\n<p>&nbsp;<\/p>\r\n<p><strong>Ansprechpartner:\u00a0<\/strong>Marco Schwarz<\/p>\r\n<p>Mobil: <span style=\"color: #0000ff;\">01590 3131748<\/span><\/p>\r\n<p>Email: <span style=\"color: #0000ff;\">Marco.Schwarz2009@googlemail.com<\/span><\/p>\r\n<p>&nbsp;<\/p>\r\n<p><strong>Aktuelle Termine, Ergebnisse und Ligatabelle der Saison 21\/22:<\/strong><\/p>\r\n<p><a href=\"http:\/\/www.fussball.de\/mannschaft\/tg-schoemberg-tg-schoemberg-wuerttemberg\/-\/saison\/2021\/team-id\/011MICM8MG000000VTVG0001VTR8C1K7#!\/\" target=\"_blank\" rel=\"noopener noreferrer\">TG Sch\u00f6mberg &#8211; Aktive<\/a><\/p>\r\n\r\n<p>&nbsp;<\/p>\r\n","protected":false},"excerpt":{"rendered":"<p>Trainingszeiten: Dienstag und Freitag 19:30 Uhr (Trainingszeiten k\u00f6nnen w\u00e4hrend der Saisonvorbereitung abweichen) &nbsp; Ansprechpartner:\u00a0Marco Schwarz Mobil: 01590 3131748 Email: Marco.Schwarz2009@googlemail.com &nbsp; Aktuelle Termine, Ergebnisse und Ligatabelle der Saison 21\/22: TG Sch\u00f6mberg &#8211; Aktive &nbsp;<\/p>\n","protected":false},"author":2,"featured_media":733,"parent":0,"menu_order":0,"comment_status":"closed","ping_status":"closed","template":"","meta":[],"yoast_head":"<!-- This site is optimized with the Yoast SEO plugin v21.8.1 - https:\/\/yoast.com\/wordpress\/plugins\/seo\/ -->\n<title>Aktive - TG Sch\u00f6mberg Abt. Fussball<\/title>\n<meta name=\"robots\" content=\"index, follow, max-snippet:-1, max-image-preview:large, max-video-preview:-1\" \/>\n<link rel=\"canonical\" href=\"https:\/\/www.tg-schoemberg.de\/fussball\/aktive\/\" \/>\n<meta property=\"og:locale\" content=\"de_DE\" \/>\n<meta property=\"og:type\" content=\"article\" \/>\n<meta property=\"og:title\" content=\"Aktive - TG Sch\u00f6mberg Abt. Fussball\" \/>\n<meta property=\"og:description\" content=\"Trainingszeiten: Dienstag und Freitag 19:30 Uhr (Trainingszeiten k\u00f6nnen w\u00e4hrend der Saisonvorbereitung abweichen) &nbsp; Ansprechpartner:\u00a0Marco Schwarz Mobil: 01590 3131748 Email: Marco.Schwarz2009@googlemail.com &nbsp; Aktuelle Termine, Ergebnisse und Ligatabelle der Saison 21\/22: TG Sch\u00f6mberg &#8211; Aktive &nbsp;\" \/>\n<meta property=\"og:url\" content=\"https:\/\/www.tg-schoemberg.de\/fussball\/aktive\/\" \/>\n<meta property=\"og:site_name\" content=\"TG Sch\u00f6mberg Abt. Fussball\" \/>\n<meta property=\"article:modified_time\" content=\"2023-08-14T16:39:13+00:00\" \/>\n<meta property=\"og:image\" content=\"https:\/\/www.tg-schoemberg.de\/fussball\/wptg\/wp-content\/uploads\/2023\/08\/original-2636C2BA-535F-4903-8A7B-80EB2FD3ABF0.jpeg\" \/>\n\t<meta property=\"og:image:width\" content=\"1024\" \/>\n\t<meta property=\"og:image:height\" content=\"768\" \/>\n\t<meta property=\"og:image:type\" content=\"image\/jpeg\" \/>\n<meta name=\"twitter:card\" content=\"summary_large_image\" \/>\n<meta name=\"twitter:label1\" content=\"Gesch\u00e4tzte Lesezeit\" \/>\n\t<meta name=\"twitter:data1\" content=\"1\u00a0Minute\" \/>\n<script type=\"application\/ld+json\" class=\"yoast-schema-graph\">{\"@context\":\"https:\/\/schema.org\",\"@graph\":[{\"@type\":\"WebPage\",\"@id\":\"https:\/\/www.tg-schoemberg.de\/fussball\/aktive\/\",\"url\":\"https:\/\/www.tg-schoemberg.de\/fussball\/aktive\/\",\"name\":\"Aktive - TG Sch\u00f6mberg Abt. Fussball\",\"isPartOf\":{\"@id\":\"http:\/\/www.tg-schoemberg.de\/fussball\/#website\"},\"datePublished\":\"2018-11-09T16:00:12+00:00\",\"dateModified\":\"2023-08-14T16:39:13+00:00\",\"breadcrumb\":{\"@id\":\"https:\/\/www.tg-schoemberg.de\/fussball\/aktive\/#breadcrumb\"},\"inLanguage\":\"de\",\"potentialAction\":[{\"@type\":\"ReadAction\",\"target\":[\"https:\/\/www.tg-schoemberg.de\/fussball\/aktive\/\"]}]},{\"@type\":\"BreadcrumbList\",\"@id\":\"https:\/\/www.tg-schoemberg.de\/fussball\/aktive\/#breadcrumb\",\"itemListElement\":[{\"@type\":\"ListItem\",\"position\":1,\"name\":\"Startseite\",\"item\":\"http:\/\/www.tg-schoemberg.de\/fussball\/\"},{\"@type\":\"ListItem\",\"position\":2,\"name\":\"Aktive\"}]},{\"@type\":\"WebSite\",\"@id\":\"http:\/\/www.tg-schoemberg.de\/fussball\/#website\",\"url\":\"http:\/\/www.tg-schoemberg.de\/fussball\/\",\"name\":\"TG Sch\u00f6mberg Abt. Fussball\",\"description\":\"\",\"potentialAction\":[{\"@type\":\"SearchAction\",\"target\":{\"@type\":\"EntryPoint\",\"urlTemplate\":\"http:\/\/www.tg-schoemberg.de\/fussball\/?s={search_term_string}\"},\"query-input\":\"required name=search_term_string\"}],\"inLanguage\":\"de\"}]}<\/script>\n<!-- \/ Yoast SEO plugin. -->","yoast_head_json":{"title":"Aktive - TG Sch\u00f6mberg Abt. Fussball","robots":{"index":"index","follow":"follow","max-snippet":"max-snippet:-1","max-image-preview":"max-image-preview:large","max-video-preview":"max-video-preview:-1"},"canonical":"https:\/\/www.tg-schoemberg.de\/fussball\/aktive\/","og_locale":"de_DE","og_type":"article","og_title":"Aktive - TG Sch\u00f6mberg Abt. Fussball","og_description":"Trainingszeiten: Dienstag und Freitag 19:30 Uhr (Trainingszeiten k\u00f6nnen w\u00e4hrend der Saisonvorbereitung abweichen) &nbsp; Ansprechpartner:\u00a0Marco Schwarz Mobil: 01590 3131748 Email: Marco.Schwarz2009@googlemail.com &nbsp; Aktuelle Termine, Ergebnisse und Ligatabelle der Saison 21\/22: TG Sch\u00f6mberg &#8211; Aktive &nbsp;","og_url":"https:\/\/www.tg-schoemberg.de\/fussball\/aktive\/","og_site_name":"TG Sch\u00f6mberg Abt. Fussball","article_modified_time":"2023-08-14T16:39:13+00:00","og_image":[{"width":1024,"height":768,"url":"https:\/\/www.tg-schoemberg.de\/fussball\/wptg\/wp-content\/uploads\/2023\/08\/original-2636C2BA-535F-4903-8A7B-80EB2FD3ABF0.jpeg","type":"image\/jpeg"}],"twitter_card":"summary_large_image","twitter_misc":{"Gesch\u00e4tzte Lesezeit":"1\u00a0Minute"},"schema":{"@context":"https:\/\/schema.org","@graph":[{"@type":"WebPage","@id":"https:\/\/www.tg-schoemberg.de\/fussball\/aktive\/","url":"https:\/\/www.tg-schoemberg.de\/fussball\/aktive\/","name":"Aktive - TG Sch\u00f6mberg Abt. Fussball","isPartOf":{"@id":"http:\/\/www.tg-schoemberg.de\/fussball\/#website"},"datePublished":"2018-11-09T16:00:12+00:00","dateModified":"2023-08-14T16:39:13+00:00","breadcrumb":{"@id":"https:\/\/www.tg-schoemberg.de\/fussball\/aktive\/#breadcrumb"},"inLanguage":"de","potentialAction":[{"@type":"ReadAction","target":["https:\/\/www.tg-schoemberg.de\/fussball\/aktive\/"]}]},{"@type":"BreadcrumbList","@id":"https:\/\/www.tg-schoemberg.de\/fussball\/aktive\/#breadcrumb","itemListElement":[{"@type":"ListItem","position":1,"name":"Startseite","item":"http:\/\/www.tg-schoemberg.de\/fussball\/"},{"@type":"ListItem","position":2,"name":"Aktive"}]},{"@type":"WebSite","@id":"http:\/\/www.tg-schoemberg.de\/fussball\/#website","url":"http:\/\/www.tg-schoemberg.de\/fussball\/","name":"TG Sch\u00f6mberg Abt. Fussball","description":"","potentialAction":[{"@type":"SearchAction","target":{"@type":"EntryPoint","urlTemplate":"http:\/\/www.tg-schoemberg.de\/fussball\/?s={search_term_string}"},"query-input":"required name=search_term_string"}],"inLanguage":"de"}]}},"_links":{"self":[{"href":"http:\/\/www.tg-schoemberg.de\/fussball\/wp-json\/wp\/v2\/pages\/92"}],"collection":[{"href":"http:\/\/www.tg-schoemberg.de\/fussball\/wp-json\/wp\/v2\/pages"}],"about":[{"href":"http:\/\/www.tg-schoemberg.de\/fussball\/wp-json\/wp\/v2\/types\/page"}],"author":[{"embeddable":true,"href":"http:\/\/www.tg-schoemberg.de\/fussball\/wp-json\/wp\/v2\/users\/2"}],"replies":[{"embeddable":true,"href":"http:\/\/www.tg-schoemberg.de\/fussball\/wp-json\/wp\/v2\/comments?post=92"}],"version-history":[{"count":19,"href":"http:\/\/www.tg-schoemberg.de\/fussball\/wp-json\/wp\/v2\/pages\/92\/revisions"}],"predecessor-version":[{"id":735,"href":"http:\/\/www.tg-schoemberg.de\/fussball\/wp-json\/wp\/v2\/pages\/92\/revisions\/735"}],"wp:featuredmedia":[{"embeddable":true,"href":"http:\/\/www.tg-schoemberg.de\/fussball\/wp-json\/wp\/v2\/media\/733"}],"wp:attachment":[{"href":"http:\/\/www.tg-schoemberg.de\/fussball\/wp-json\/wp\/v2\/media?parent=92"}],"curies":[{"name":"wp","href":"https:\/\/api.w.org\/{rel}","templated":true}]}}